{"id":11477,"date":"2022-06-15T23:19:37","date_gmt":"2022-06-15T23:19:37","guid":{"rendered":"https:\/\/web.cleverclick360.com\/?page_id=11477"},"modified":"2022-06-15T23:26:14","modified_gmt":"2022-06-15T23:26:14","slug":"felicidades","status":"publish","type":"page","link":"https:\/\/cleverclick360.com\/en\/felicidades\/","title":{"rendered":"Felicidades"},"content":{"rendered":"<div data-elementor-type=\"wp-page\" data-elementor-id=\"11477\" class=\"elementor elementor-11477\" data-elementor-post-type=\"page\">\n\t\t\t\t\t\t<section class=\"elementor-section elementor-top-section elementor-element elementor-element-b7fc6ea elementor-section-boxed elementor-section-height-default elementor-section-height-default\" data-id=\"b7fc6ea\" data-element_type=\"section\">\n\t\t\t\t\t\t<div class=\"elementor-container elementor-column-gap-default\">\n\t\t\t\t\t<div class=\"elementor-column elementor-col-100 elementor-top-column elementor-element elementor-element-b0afd63\" data-id=\"b0afd63\" data-element_type=\"column\">\n\t\t\t<div class=\"elementor-widget-wrap elementor-element-populated\">\n\t\t\t\t\t\t<div class=\"elementor-element elementor-element-db2499b elementor-widget elementor-widget-image\" data-id=\"db2499b\" data-element_type=\"widget\" data-widget_type=\"image.default\">\n\t\t\t\t<div class=\"elementor-widget-container\">\n\t\t\t\t\t\t\t\t\t\t\t\t\t<img fetchpriority=\"high\" decoding=\"async\" width=\"800\" height=\"150\" src=\"https:\/\/cleverclick360.com\/wp-content\/uploads\/2022\/06\/cropped-cropped-1cut-1024x192.png\" class=\"attachment-large size-large wp-image-11481\" alt=\"\" srcset=\"https:\/\/cleverclick360.com\/wp-content\/uploads\/2022\/06\/cropped-cropped-1cut-1024x192.png 1024w, https:\/\/cleverclick360.com\/wp-content\/uploads\/2022\/06\/cropped-cropped-1cut-300x56.png 300w, https:\/\/cleverclick360.com\/wp-content\/uploads\/2022\/06\/cropped-cropped-1cut-768x144.png 768w, https:\/\/cleverclick360.com\/wp-content\/uploads\/2022\/06\/cropped-cropped-1cut-1536x288.png 1536w, https:\/\/cleverclick360.com\/wp-content\/uploads\/2022\/06\/cropped-cropped-1cut-18x3.png 18w, https:\/\/cleverclick360.com\/wp-content\/uploads\/2022\/06\/cropped-cropped-1cut-1320x248.png 1320w, https:\/\/cleverclick360.com\/wp-content\/uploads\/2022\/06\/cropped-cropped-1cut.png 1920w\" sizes=\"(max-width: 800px) 100vw, 800px\" \/>\t\t\t\t\t\t\t\t\t\t\t\t\t<\/div>\n\t\t\t\t<\/div>\n\t\t\t\t\t<\/div>\n\t\t<\/div>\n\t\t\t\t\t<\/div>\n\t\t<\/section>\n\t\t\t\t<section class=\"elementor-section elementor-top-section elementor-element elementor-element-d938889 elementor-section-boxed elementor-section-height-default elementor-section-height-default\" data-id=\"d938889\" data-element_type=\"section\">\n\t\t\t\t\t\t<div class=\"elementor-container elementor-column-gap-default\">\n\t\t\t\t\t<div class=\"elementor-column elementor-col-100 elementor-top-column elementor-element elementor-element-b17b206\" data-id=\"b17b206\" data-element_type=\"column\">\n\t\t\t<div class=\"elementor-widget-wrap elementor-element-populated\">\n\t\t\t\t\t\t<div class=\"elementor-element elementor-element-6475ce2 elementor-widget elementor-widget-text-editor\" data-id=\"6475ce2\" data-element_type=\"widget\" data-widget_type=\"text-editor.default\">\n\t\t\t\t<div class=\"elementor-widget-container\">\n\t\t\t\t\t\t\t<p>That's right, we've added you to our list. You will receive our latest news in your email<\/p>\t\t\t\t\t\t<\/div>\n\t\t\t\t<\/div>\n\t\t\t\t<div class=\"elementor-element elementor-element-f157add elementor-align-center elementor-widget elementor-widget-button\" data-id=\"f157add\" data-element_type=\"widget\" data-widget_type=\"button.default\">\n\t\t\t\t<div class=\"elementor-widget-container\">\n\t\t\t\t\t\t\t<div class=\"elementor-button-wrapper\">\n\t\t\t\t\t<a class=\"elementor-button elementor-button-link elementor-size-sm\" href=\"https:\/\/cleverclick360.comblog\/\">\n\t\t\t\t\t\t<span class=\"elementor-button-content-wrapper\">\n\t\t\t\t\t\t\t\t\t<span class=\"elementor-button-text\">Go to a blog<\/span>\n\t\t\t\t\t<\/span>\n\t\t\t\t\t<\/a>\n\t\t\t\t<\/div>\n\t\t\t\t\t\t<\/div>\n\t\t\t\t<\/div>\n\t\t\t\t\t<\/div>\n\t\t<\/div>\n\t\t\t\t\t<\/div>\n\t\t<\/section>\n\t\t\t\t<\/div>","protected":false},"excerpt":{"rendered":"<p>As\u00ed es, te agregamos a nuestra lista. Recibir\u00e1s nuestras \u00faltimas novedades en tu correo. Ir a blog<\/p>","protected":false},"author":2,"featured_media":0,"parent":0,"menu_order":0,"comment_status":"closed","ping_status":"closed","template":"","meta":{"om_disable_all_campaigns":false,"_monsterinsights_skip_tracking":false,"_monsterinsights_sitenote_active":false,"_monsterinsights_sitenote_note":"","_monsterinsights_sitenote_category":0,"footnotes":""},"class_list":["post-11477","page","type-page","status-publish","hentry"],"yoast_head":"<!-- This site is optimized with the Yoast SEO plugin v26.8 - https:\/\/yoast.com\/product\/yoast-seo-wordpress\/ -->\n<title>Felicidades - CleverClick 360<\/title>\n<meta name=\"description\" content=\"Desarrollamos un concepto TODO-EN-UNO donde cobramos por lead calificado con el objetivo de generar un ROI rentable para nuestros clientes en menos de tres meses.\" \/>\n<meta name=\"robots\" content=\"index, follow, max-snippet:-1, max-image-preview:large, max-video-preview:-1\" \/>\n<link rel=\"canonical\" href=\"https:\/\/cleverclick360.com\/en\/felicidades\/\" \/>\n<meta property=\"og:locale\" content=\"en_US\" \/>\n<meta property=\"og:type\" content=\"article\" \/>\n<meta property=\"og:title\" content=\"Felicidades - CleverClick 360\" \/>\n<meta property=\"og:description\" content=\"Desarrollamos un concepto TODO-EN-UNO donde cobramos por lead calificado con el objetivo de generar un ROI rentable para nuestros clientes en menos de tres meses.\" \/>\n<meta property=\"og:url\" content=\"https:\/\/cleverclick360.com\/en\/felicidades\/\" \/>\n<meta property=\"og:site_name\" content=\"CleverClick 360\" \/>\n<meta property=\"article:publisher\" content=\"https:\/\/www.facebook.com\/CleverClick360\" \/>\n<meta property=\"article:modified_time\" content=\"2022-06-15T23:26:14+00:00\" \/>\n<meta property=\"og:image\" content=\"https:\/\/web.cleverclick360.com\/wp-content\/uploads\/2022\/06\/cropped-cropped-1cut-1024x192.png\" \/>\n<script type=\"application\/ld+json\" class=\"yoast-schema-graph\">{\"@context\":\"https:\/\/schema.org\",\"@graph\":[{\"@type\":\"WebPage\",\"@id\":\"https:\/\/cleverclick360.com\/felicidades\/\",\"url\":\"https:\/\/cleverclick360.com\/felicidades\/\",\"name\":\"Felicidades - CleverClick 360\",\"isPartOf\":{\"@id\":\"https:\/\/cleverclick.com.mx\/#website\"},\"primaryImageOfPage\":{\"@id\":\"https:\/\/cleverclick360.com\/felicidades\/#primaryimage\"},\"image\":{\"@id\":\"https:\/\/cleverclick360.com\/felicidades\/#primaryimage\"},\"thumbnailUrl\":\"https:\/\/web.cleverclick360.com\/wp-content\/uploads\/2022\/06\/cropped-cropped-1cut-1024x192.png\",\"datePublished\":\"2022-06-15T23:19:37+00:00\",\"dateModified\":\"2022-06-15T23:26:14+00:00\",\"description\":\"Desarrollamos un concepto TODO-EN-UNO donde cobramos por lead calificado con el objetivo de generar un ROI rentable para nuestros clientes en menos de tres meses.\",\"breadcrumb\":{\"@id\":\"https:\/\/cleverclick360.com\/felicidades\/#breadcrumb\"},\"inLanguage\":\"en-US\",\"potentialAction\":[{\"@type\":\"ReadAction\",\"target\":[\"https:\/\/cleverclick360.com\/felicidades\/\"]}]},{\"@type\":\"ImageObject\",\"inLanguage\":\"en-US\",\"@id\":\"https:\/\/cleverclick360.com\/felicidades\/#primaryimage\",\"url\":\"https:\/\/web.cleverclick360.com\/wp-content\/uploads\/2022\/06\/cropped-cropped-1cut-1024x192.png\",\"contentUrl\":\"https:\/\/web.cleverclick360.com\/wp-content\/uploads\/2022\/06\/cropped-cropped-1cut-1024x192.png\"},{\"@type\":\"BreadcrumbList\",\"@id\":\"https:\/\/cleverclick360.com\/felicidades\/#breadcrumb\",\"itemListElement\":[{\"@type\":\"ListItem\",\"position\":1,\"name\":\"Home\",\"item\":\"https:\/\/cleverclick.com.mx\/\"},{\"@type\":\"ListItem\",\"position\":2,\"name\":\"Felicidades\"}]},{\"@type\":\"WebSite\",\"@id\":\"https:\/\/cleverclick.com.mx\/#website\",\"url\":\"https:\/\/cleverclick.com.mx\/\",\"name\":\"CleverClick 360\",\"description\":\"Desarrollamos un concepto TODO-EN-UNO donde cobramos por lead calificado con el objetivo de generar un ROI rentable para nuestros clientes en menos de tres meses.\",\"publisher\":{\"@id\":\"https:\/\/cleverclick.com.mx\/#organization\"},\"potentialAction\":[{\"@type\":\"SearchAction\",\"target\":{\"@type\":\"EntryPoint\",\"urlTemplate\":\"https:\/\/cleverclick.com.mx\/?s={search_term_string}\"},\"query-input\":{\"@type\":\"PropertyValueSpecification\",\"valueRequired\":true,\"valueName\":\"search_term_string\"}}],\"inLanguage\":\"en-US\"},{\"@type\":\"Organization\",\"@id\":\"https:\/\/cleverclick.com.mx\/#organization\",\"name\":\"CleverClick360\",\"url\":\"https:\/\/cleverclick.com.mx\/\",\"logo\":{\"@type\":\"ImageObject\",\"inLanguage\":\"en-US\",\"@id\":\"https:\/\/cleverclick.com.mx\/#\/schema\/logo\/image\/\",\"url\":\"https:\/\/cleverclick360.com\/wp-content\/uploads\/2022\/11\/cropped-isotipo-CC360.png\",\"contentUrl\":\"https:\/\/cleverclick360.com\/wp-content\/uploads\/2022\/11\/cropped-isotipo-CC360.png\",\"width\":512,\"height\":512,\"caption\":\"CleverClick360\"},\"image\":{\"@id\":\"https:\/\/cleverclick.com.mx\/#\/schema\/logo\/image\/\"},\"sameAs\":[\"https:\/\/www.facebook.com\/CleverClick360\",\"https:\/\/x.com\/Cleverclick360\",\"https:\/\/www.instagram.com\/cleverclick360\/\"]}]}<\/script>\n<!-- \/ Yoast SEO plugin. -->","yoast_head_json":{"title":"Felicidades - CleverClick 360","description":"Desarrollamos un concepto TODO-EN-UNO donde cobramos por lead calificado con el objetivo de generar un ROI rentable para nuestros clientes en menos de tres meses.","robots":{"index":"index","follow":"follow","max-snippet":"max-snippet:-1","max-image-preview":"max-image-preview:large","max-video-preview":"max-video-preview:-1"},"canonical":"https:\/\/cleverclick360.com\/en\/felicidades\/","og_locale":"en_US","og_type":"article","og_title":"Felicidades - CleverClick 360","og_description":"Desarrollamos un concepto TODO-EN-UNO donde cobramos por lead calificado con el objetivo de generar un ROI rentable para nuestros clientes en menos de tres meses.","og_url":"https:\/\/cleverclick360.com\/en\/felicidades\/","og_site_name":"CleverClick 360","article_publisher":"https:\/\/www.facebook.com\/CleverClick360","article_modified_time":"2022-06-15T23:26:14+00:00","og_image":[{"url":"https:\/\/web.cleverclick360.com\/wp-content\/uploads\/2022\/06\/cropped-cropped-1cut-1024x192.png","type":"","width":"","height":""}],"schema":{"@context":"https:\/\/schema.org","@graph":[{"@type":"WebPage","@id":"https:\/\/cleverclick360.com\/felicidades\/","url":"https:\/\/cleverclick360.com\/felicidades\/","name":"Felicidades - CleverClick 360","isPartOf":{"@id":"https:\/\/cleverclick.com.mx\/#website"},"primaryImageOfPage":{"@id":"https:\/\/cleverclick360.com\/felicidades\/#primaryimage"},"image":{"@id":"https:\/\/cleverclick360.com\/felicidades\/#primaryimage"},"thumbnailUrl":"https:\/\/web.cleverclick360.com\/wp-content\/uploads\/2022\/06\/cropped-cropped-1cut-1024x192.png","datePublished":"2022-06-15T23:19:37+00:00","dateModified":"2022-06-15T23:26:14+00:00","description":"Desarrollamos un concepto TODO-EN-UNO donde cobramos por lead calificado con el objetivo de generar un ROI rentable para nuestros clientes en menos de tres meses.","breadcrumb":{"@id":"https:\/\/cleverclick360.com\/felicidades\/#breadcrumb"},"inLanguage":"en-US","potentialAction":[{"@type":"ReadAction","target":["https:\/\/cleverclick360.com\/felicidades\/"]}]},{"@type":"ImageObject","inLanguage":"en-US","@id":"https:\/\/cleverclick360.com\/felicidades\/#primaryimage","url":"https:\/\/web.cleverclick360.com\/wp-content\/uploads\/2022\/06\/cropped-cropped-1cut-1024x192.png","contentUrl":"https:\/\/web.cleverclick360.com\/wp-content\/uploads\/2022\/06\/cropped-cropped-1cut-1024x192.png"},{"@type":"BreadcrumbList","@id":"https:\/\/cleverclick360.com\/felicidades\/#breadcrumb","itemListElement":[{"@type":"ListItem","position":1,"name":"Home","item":"https:\/\/cleverclick.com.mx\/"},{"@type":"ListItem","position":2,"name":"Felicidades"}]},{"@type":"WebSite","@id":"https:\/\/cleverclick.com.mx\/#website","url":"https:\/\/cleverclick.com.mx\/","name":"CleverClick 360","description":"Desarrollamos un concepto TODO-EN-UNO donde cobramos por lead calificado con el objetivo de generar un ROI rentable para nuestros clientes en menos de tres meses.","publisher":{"@id":"https:\/\/cleverclick.com.mx\/#organization"},"potentialAction":[{"@type":"SearchAction","target":{"@type":"EntryPoint","urlTemplate":"https:\/\/cleverclick.com.mx\/?s={search_term_string}"},"query-input":{"@type":"PropertyValueSpecification","valueRequired":true,"valueName":"search_term_string"}}],"inLanguage":"en-US"},{"@type":"Organization","@id":"https:\/\/cleverclick.com.mx\/#organization","name":"CleverClick360","url":"https:\/\/cleverclick.com.mx\/","logo":{"@type":"ImageObject","inLanguage":"en-US","@id":"https:\/\/cleverclick.com.mx\/#\/schema\/logo\/image\/","url":"https:\/\/cleverclick360.com\/wp-content\/uploads\/2022\/11\/cropped-isotipo-CC360.png","contentUrl":"https:\/\/cleverclick360.com\/wp-content\/uploads\/2022\/11\/cropped-isotipo-CC360.png","width":512,"height":512,"caption":"CleverClick360"},"image":{"@id":"https:\/\/cleverclick.com.mx\/#\/schema\/logo\/image\/"},"sameAs":["https:\/\/www.facebook.com\/CleverClick360","https:\/\/x.com\/Cleverclick360","https:\/\/www.instagram.com\/cleverclick360\/"]}]}},"_links":{"self":[{"href":"https:\/\/cleverclick360.com\/en\/wp-json\/wp\/v2\/pages\/11477","targetHints":{"allow":["GET"]}}],"collection":[{"href":"https:\/\/cleverclick360.com\/en\/wp-json\/wp\/v2\/pages"}],"about":[{"href":"https:\/\/cleverclick360.com\/en\/wp-json\/wp\/v2\/types\/page"}],"author":[{"embeddable":true,"href":"https:\/\/cleverclick360.com\/en\/wp-json\/wp\/v2\/users\/2"}],"replies":[{"embeddable":true,"href":"https:\/\/cleverclick360.com\/en\/wp-json\/wp\/v2\/comments?post=11477"}],"version-history":[{"count":19,"href":"https:\/\/cleverclick360.com\/en\/wp-json\/wp\/v2\/pages\/11477\/revisions"}],"predecessor-version":[{"id":11499,"href":"https:\/\/cleverclick360.com\/en\/wp-json\/wp\/v2\/pages\/11477\/revisions\/11499"}],"wp:attachment":[{"href":"https:\/\/cleverclick360.com\/en\/wp-json\/wp\/v2\/media?parent=11477"}],"curies":[{"name":"wp","href":"https:\/\/api.w.org\/{rel}","templated":true}]}}